{"id":466,"date":"2024-03-03T12:58:14","date_gmt":"2024-03-03T12:58:14","guid":{"rendered":"https:\/\/costatropical.tv\/centros-turisticos\/"},"modified":"2024-03-04T13:35:45","modified_gmt":"2024-03-04T13:35:45","slug":"centros-turisticos","status":"publish","type":"page","link":"https:\/\/costatropical.tv\/es\/centros-turisticos\/","title":{"rendered":"Oficinas de turismo"},"content":{"rendered":"<div id=\"tdi_1\" class=\"tdc-zone\"><div class=\"tdc_zone tdi_2 \"  >\n<style scoped>\n\/* custom css - generated by TagDiv Composer *\/\n\n\/* custom css - generated by TagDiv Composer *\/\n.tdi_2{\r\n                    min-height: 0;\r\n                }\n<\/style><div id=\"tdi_3\" class=\"tdc-row\"><div class=\"vc_row tdi_4  wpb_row td-pb-row\" >\n<style scoped>\n\/* custom css - generated by TagDiv Composer *\/\n\n\/* custom css - generated by TagDiv Composer *\/\n.tdi_4,\r\n                .tdi_4 .tdc-columns{\r\n                    min-height: 0;\r\n                }\n<\/style><div class=\"vc_column tdi_6  wpb_column vc_column_container tdc-column td-pb-span12\">\n<style scoped>\n\/* custom css - generated by TagDiv Composer *\/\n\n\/* custom css - generated by TagDiv Composer *\/\n.tdi_6{\r\n                    vertical-align: baseline;\r\n                }\n<\/style><div class=\"wpb_wrapper\" ><div class=\"td_block_wrap td_block_text_with_title tdi_7 td-pb-border-top td_block_template_1\"  data-td-block-uid=\"tdi_7\" ><div class=\"td_mod_wrap td-pb-padding-side td-fix-index\"><h1 class=\"heading-title\">Centros de informaci\u00f3n tur\u00edstica<\/h1>\n<\/div><\/div><div class=\"td_block_wrap td_block_text_with_title tdi_8 td-pb-border-top td_block_template_1\"  data-td-block-uid=\"tdi_8\" ><div class=\"td_mod_wrap td-pb-padding-side td-fix-index\"><h3>Motril<\/h3>\n<p><strong>Oficina de Turismo de Motril<\/strong><br \/>Localizaci\u00f3n: Plaza de la Comunidades Aut\u00f3nomas, Parque de los Pueblos de Am\u00e9rica, 18600. Tel\u00e9fono: 958 82 54 81.<\/p>\n<p>Abierto de lunes a s\u00e1bado de 10.00 a 14.15 h. y de 18.00 a 20.00 h. Domingo:10:00-14:15<\/p>\n<\/div><\/div><div class=\"td_block_wrap td_block_text_with_title tdi_9 td-pb-border-top td_block_template_1\"  data-td-block-uid=\"tdi_9\" ><div class=\"td_mod_wrap td-pb-padding-side td-fix-index\"><div class=\"elementor-column elementor-col-50 elementor-top-column elementor-element elementor-element-90e3358\" data-id=\"90e3358\" data-element_type=\"column\">\n<div class=\"elementor-widget-wrap elementor-element-populated\">\n<div class=\"elementor-element elementor-element-cbd6a9d elementor-widget elementor-widget-image\" data-id=\"cbd6a9d\" data-element_type=\"widget\" data-widget_type=\"image.default\">\n<div class=\"elementor-widget-container\"><img loading=\"lazy\" decoding=\"async\" class=\"attachment-large wp-image-9437 alignright\" title=\"Oficinas de turismo 1\" src=\"https:\/\/costatropical.com\/wp-content\/uploads\/2023\/09\/oficinA_Najarra-1024x602.jpg\" sizes=\"auto, (max-width: 1024px) 100vw, 1024px\" srcset=\"https:\/\/costatropical.com\/wp-content\/uploads\/2023\/09\/oficinA_Najarra-1024x602.jpg 1024w, https:\/\/costatropical.com\/wp-content\/uploads\/2023\/09\/oficinA_Najarra-350x206.jpg 350w, https:\/\/costatropical.com\/wp-content\/uploads\/2023\/09\/oficinA_Najarra-18x12.jpg 18w, https:\/\/costatropical.com\/wp-content\/uploads\/2023\/09\/oficinA_Najarra.jpg 1094w\" alt=\"Oficina de turismo de Almu\u00f1\u00e9car\" width=\"555\" height=\"326\"><\/div>\n<\/div>\n<\/div>\n<\/div>\n<div class=\"elementor-column elementor-col-50 elementor-top-column elementor-element elementor-element-8661aea\" data-id=\"8661aea\" data-element_type=\"column\">\n<div class=\"elementor-widget-wrap elementor-element-populated\">\n<div class=\"elementor-element elementor-element-4e01843 elementor-widget elementor-widget-text-editor\" data-id=\"4e01843\" data-element_type=\"widget\" data-widget_type=\"text-editor.default\">\n<div class=\"elementor-widget-container\">\n<h3>Almu\u00f1\u00e9car<\/h3>\n<p><strong>Oficina de Turismo de Almu\u00f1\u00e9car<\/strong><br \/>Localizaci\u00f3n: Av. Europa, s\/n, 18690 Almu\u00f1\u00e9car. Tel: 958 63 11 25 \/ 628492693. Correo electr\u00f3nico: turismo@almunecar.es<br \/>Abierto: 9:30-1:30\n<\/div>\n<\/div>\n<\/div>\n<\/div>\n<\/div><\/div><div class=\"td_block_wrap td_block_text_with_title tdi_10 td-pb-border-top td_block_template_1\"  data-td-block-uid=\"tdi_10\" ><div class=\"td_mod_wrap td-pb-padding-side td-fix-index\"><div class=\"elementor-column elementor-col-50 elementor-top-column elementor-element elementor-element-483e205\" data-id=\"483e205\" data-element_type=\"column\">\n<div class=\"elementor-widget-wrap elementor-element-populated\">\n<div class=\"elementor-element elementor-element-8306449 elementor-widget elementor-widget-image\" data-id=\"8306449\" data-element_type=\"widget\" data-widget_type=\"image.default\">\n<div class=\"elementor-widget-container\"><img loading=\"lazy\" decoding=\"async\" class=\"attachment-large wp-image-9436 alignright\" title=\"Centros de informaci\u00f3n tur\u00edstica 2\" src=\"https:\/\/costatropical.com\/wp-content\/uploads\/2023\/09\/oficina_la-herradura-1024x576.jpeg\" sizes=\"auto, (max-width: 1024px) 100vw, 1024px\" srcset=\"https:\/\/costatropical.com\/wp-content\/uploads\/2023\/09\/oficina_la-herradura-1024x576.jpeg 1024w, https:\/\/costatropical.com\/wp-content\/uploads\/2023\/09\/oficina_la-herradura-350x197.jpeg 350w, https:\/\/costatropical.com\/wp-content\/uploads\/2023\/09\/oficina_la-herradura-18x10.jpeg 18w, https:\/\/costatropical.com\/wp-content\/uploads\/2023\/09\/oficina_la-herradura-e1695830608597.jpeg 600w\" alt=\"Oficina de Turismo La Herradura\" width=\"535\" height=\"301\"><\/div>\n<\/div>\n<\/div>\n<\/div>\n<div class=\"elementor-column elementor-col-50 elementor-top-column elementor-element elementor-element-2c1845c\" data-id=\"2c1845c\" data-element_type=\"column\">\n<div class=\"elementor-widget-wrap elementor-element-populated\">\n<div class=\"elementor-element elementor-element-5e44e9e elementor-widget elementor-widget-text-editor\" data-id=\"5e44e9e\" data-element_type=\"widget\" data-widget_type=\"text-editor.default\">\n<div class=\"elementor-widget-container\">\n<h3>La Herradura<\/h3>\n<p><strong>Oficina de Turismo La Herradura<\/strong><br \/>Localizaci\u00f3n: P.\u00ba Andr\u00e9s Segovia, 5, 18697. Tel\u00e9fono: 958 61 86 36<br \/>Abierto: 9:30-13:30 \/ 18:30-21:00.\n<\/div>\n<\/div>\n<\/div>\n<\/div>\n<\/div><\/div><div class=\"td_block_wrap td_block_text_with_title tdi_11 td-pb-border-top td_block_template_1\"  data-td-block-uid=\"tdi_11\" ><div class=\"td_mod_wrap td-pb-padding-side td-fix-index\"><div class=\"elementor-column elementor-col-50 elementor-top-column elementor-element elementor-element-a9b7cae\" data-id=\"a9b7cae\" data-element_type=\"column\">\n<div class=\"elementor-widget-wrap elementor-element-populated\">\n<div class=\"elementor-element elementor-element-e473aa2 elementor-widget elementor-widget-image\" data-id=\"e473aa2\" data-element_type=\"widget\" data-widget_type=\"image.default\">\n<div class=\"elementor-widget-container\"><img loading=\"lazy\" decoding=\"async\" class=\"attachment-large size-large wp-image-9438 alignright\" title=\"Oficinas de turismo 3\" src=\"https:\/\/costatropical.com\/wp-content\/uploads\/2023\/09\/salobrena-turismo.jpg\" sizes=\"auto, (max-width: 299px) 100vw, 299px\" srcset=\"https:\/\/costatropical.com\/wp-content\/uploads\/2023\/09\/salobrena-turismo.jpg 299w, https:\/\/costatropical.com\/wp-content\/uploads\/2023\/09\/salobrena-turismo-18x10.jpg 18w\" alt=\"salobre turismo\" width=\"299\" height=\"168\"><\/div>\n<\/div>\n<\/div>\n<\/div>\n<div class=\"elementor-column elementor-col-50 elementor-top-column elementor-element elementor-element-e138cd5\" data-id=\"e138cd5\" data-element_type=\"column\">\n<div class=\"elementor-widget-wrap elementor-element-populated\">\n<div class=\"elementor-element elementor-element-fe222bf elementor-widget elementor-widget-text-editor\" data-id=\"fe222bf\" data-element_type=\"widget\" data-widget_type=\"text-editor.default\">\n<div class=\"elementor-widget-container\">\n<h3>Salobre\u00f1a<\/h3>\n<p><strong>Oficina de Turismo de Salobre\u00f1a<\/strong><br \/>Localizaci\u00f3n: Plaza de Goya, 18680. Tel\u00e9fono: 958 61 03 14<br \/>Abierto: de 10.00 a 13.30 h. Cerrado el domingo y el lunes.\n<\/div>\n<\/div>\n<\/div>\n<\/div>\n<\/div><\/div><\/div><\/div><\/div><\/div><\/div><\/div>","protected":false},"excerpt":{"rendered":"","protected":false},"author":1,"featured_media":0,"parent":0,"menu_order":0,"comment_status":"closed","ping_status":"closed","template":"","meta":{"footnotes":""},"class_list":["post-466","page","type-page","status-publish","hentry"],"_links":{"self":[{"href":"https:\/\/costatropical.tv\/es\/wp-json\/wp\/v2\/pages\/466","targetHints":{"allow":["GET"]}}],"collection":[{"href":"https:\/\/costatropical.tv\/es\/wp-json\/wp\/v2\/pages"}],"about":[{"href":"https:\/\/costatropical.tv\/es\/wp-json\/wp\/v2\/types\/page"}],"author":[{"embeddable":true,"href":"https:\/\/costatropical.tv\/es\/wp-json\/wp\/v2\/users\/1"}],"replies":[{"embeddable":true,"href":"https:\/\/costatropical.tv\/es\/wp-json\/wp\/v2\/comments?post=466"}],"version-history":[{"count":2,"href":"https:\/\/costatropical.tv\/es\/wp-json\/wp\/v2\/pages\/466\/revisions"}],"predecessor-version":[{"id":534,"href":"https:\/\/costatropical.tv\/es\/wp-json\/wp\/v2\/pages\/466\/revisions\/534"}],"wp:attachment":[{"href":"https:\/\/costatropical.tv\/es\/wp-json\/wp\/v2\/media?parent=466"}],"curies":[{"name":"wp","href":"https:\/\/api.w.org\/{rel}","templated":true}]}}