{"id":489,"date":"2024-03-03T12:58:22","date_gmt":"2024-03-03T12:58:22","guid":{"rendered":"https:\/\/costatropical.tv\/numeros-utiles\/"},"modified":"2024-03-04T13:43:01","modified_gmt":"2024-03-04T13:43:01","slug":"numeros-utiles","status":"publish","type":"page","link":"https:\/\/costatropical.tv\/es\/numeros-utiles\/","title":{"rendered":"N\u00fameros \u00fatiles"},"content":{"rendered":"<div id=\"tdi_1\" class=\"tdc-zone\"><div class=\"tdc_zone tdi_2 \"  >\n<style scoped>\n\/* custom css - generated by TagDiv Composer *\/\n\n\/* custom css - generated by TagDiv Composer *\/\n.tdi_2{\r\n                    min-height: 0;\r\n                }\n<\/style><div id=\"tdi_3\" class=\"tdc-row\"><div class=\"vc_row tdi_4  wpb_row td-pb-row\" >\n<style scoped>\n\/* custom css - generated by TagDiv Composer *\/\n\n\/* custom css - generated by TagDiv Composer *\/\n.tdi_4,\r\n                .tdi_4 .tdc-columns{\r\n                    min-height: 0;\r\n                }\n<\/style><div class=\"vc_column tdi_6  wpb_column vc_column_container tdc-column td-pb-span12\">\n<style scoped>\n\/* custom css - generated by TagDiv Composer *\/\n\n\/* custom css - generated by TagDiv Composer *\/\n.tdi_6{\r\n                    vertical-align: baseline;\r\n                }\n<\/style><div class=\"wpb_wrapper\" ><div class=\"td_block_wrap td_block_text_with_title tdi_7 td-pb-border-top td_block_template_1\"  data-td-block-uid=\"tdi_7\" ><div class=\"td_mod_wrap td-pb-padding-side td-fix-index\"><h1 class=\"heading-title\" style=\"text-align: center;\">N\u00fameros \u00fatiles<\/h1>\n<\/div><\/div><div class=\"td_block_wrap td_block_text_with_title tdi_8 td-pb-border-top td_block_template_1\"  data-td-block-uid=\"tdi_8\" ><div class=\"td_mod_wrap td-pb-padding-side td-fix-index\"><section class=\"elementor-section elementor-top-section elementor-element elementor-element-e13e2e5 elementor-section-boxed elementor-section-height-default elementor-section-height-default rt-parallax-bg-no\" data-id=\"e13e2e5\" data-element_type=\"section\">\n<div class=\"elementor-container elementor-column-gap-default\">\n<div class=\"elementor-column elementor-col-100 elementor-top-column elementor-element elementor-element-42680cb\" data-id=\"42680cb\" data-element_type=\"column\">\n<div class=\"elementor-widget-wrap elementor-element-populated\">\n<div class=\"elementor-element elementor-element-729032f elementor-widget elementor-widget-heading\" data-id=\"729032f\" data-element_type=\"widget\" data-widget_type=\"heading.default\">\n<div class=\"elementor-widget-container\">\n<h2 class=\"elementor-heading-title elementor-size-default\">N\u00fameros \u00fatiles<\/h2>\n<\/div>\n<\/div>\n<\/div>\n<\/div>\n<\/div>\n<\/section>\n<section class=\"elementor-section elementor-top-section elementor-element elementor-element-4e53270 elementor-section-boxed elementor-section-height-default elementor-section-height-default rt-parallax-bg-no\" data-id=\"4e53270\" data-element_type=\"section\">\n<div class=\"elementor-container elementor-column-gap-default\">\n<div class=\"elementor-column elementor-col-100 elementor-top-column elementor-element elementor-element-282d8a2\" data-id=\"282d8a2\" data-element_type=\"column\">\n<div class=\"elementor-widget-wrap elementor-element-populated\">\n<div class=\"elementor-element elementor-element-bcc945e elementor-widget elementor-widget-text-editor\" data-id=\"bcc945e\" data-element_type=\"widget\" data-widget_type=\"text-editor.default\">\n<div class=\"elementor-widget-container\">\n<strong>N\u00daMEROS DE TEL\u00c9FONO \u00daTILES<\/strong><br \/>Urgencias: 112<br \/>Polic\u00eda Nacional: 091<br \/>Polic\u00eda local. 092<br \/>Guardia civil: 062<br \/>Bomberos: 080<br \/>Emergencias sanitarias: 061<br \/>Salvamento y Seguridad Mar\u00edtimos: 900202202<br \/>Informaci\u00f3n sobre el aeropuerto: + 34 (0) 958 245 200 y 958 245 223<br \/>Informaci\u00f3n sobre vuelos: 902 404 704<br \/>Aduanas: 958 245 229<br \/>Equipaje perdido: 958 245 238<br \/>Renfe: 902 240 505<\/p>\n<p>Informaci\u00f3n sobre el aeropuerto: + 34 (0) 958 245 200 y 958 245 223<br \/>Informaci\u00f3n sobre vuelos: 902 404 704<br \/>Aduanas: 958 245 229<br \/>Equipaje perdido: 958 245 238<\/p>\n<p>Informaci\u00f3n vial: 011\n<\/p><\/div>\n<\/div>\n<\/div>\n<\/div>\n<\/div>\n<\/section>\n<section class=\"elementor-section elementor-top-section elementor-element elementor-element-c44b71b elementor-section-boxed elementor-section-height-default elementor-section-height-default rt-parallax-bg-no\" data-id=\"c44b71b\" data-element_type=\"section\">\n<div class=\"elementor-container elementor-column-gap-default\">\n<div class=\"elementor-column elementor-col-100 elementor-top-column elementor-element elementor-element-08ace87\" data-id=\"08ace87\" data-element_type=\"column\">\n<div class=\"elementor-widget-wrap elementor-element-populated\">\n<div class=\"elementor-element elementor-element-12e51f1 elementor-widget elementor-widget-heading\" data-id=\"12e51f1\" data-element_type=\"widget\" data-widget_type=\"heading.default\">\n<div class=\"elementor-widget-container\">\n<h2 class=\"elementor-heading-title elementor-size-default\">Motril<\/h2>\n<\/div>\n<\/div>\n<\/div>\n<\/div>\n<\/div>\n<\/section>\n<section class=\"elementor-section elementor-top-section elementor-element elementor-element-47b61f8 elementor-section-boxed elementor-section-height-default elementor-section-height-default rt-parallax-bg-no\" data-id=\"47b61f8\" data-element_type=\"section\">\n<div class=\"elementor-container elementor-column-gap-default\">\n<div class=\"elementor-column elementor-col-100 elementor-top-column elementor-element elementor-element-300119d\" data-id=\"300119d\" data-element_type=\"column\">\n<div class=\"elementor-widget-wrap elementor-element-populated\">\n<div class=\"elementor-element elementor-element-4a1a5b9 elementor-widget elementor-widget-text-editor\" data-id=\"4a1a5b9\" data-element_type=\"widget\" data-widget_type=\"text-editor.default\">\n<div class=\"elementor-widget-container\">\nOficina de Turismo: 958 825 481<\/p>\n<p>Ayuntamiento: 958 838 300<\/p>\n<p>Polic\u00eda Local: 958 834 505 \/ 092<\/p>\n<p>Guardia Civil de Tr\u00e1fico: 958 600 480<\/p>\n<p>Guardia Civil: 958 600 198 \/ 062<\/p>\n<p>Bomberos: 958 601 744<\/p>\n<p>Protecci\u00f3n Civil: 958 825 983<\/p>\n<p>Cruz Roja: 958 825 960<\/p>\n<p>Salvamento Mar\u00edtimo (Cruz Roja del Mar): 958 825 959<\/p>\n<p>Centro de Salud Avda. Salobre\u00f1a: 958 038 820<\/p>\n<p>Hospital 958 823 821<\/p>\n<p>Centro de Salud Motril Este: 958 600 511<\/p>\n<p>Centro de Salud de San Antonio: 958 601 862<\/p>\n<p>Consultorio M\u00e9dico Puntal\u00f3n: 958 603 860<\/p>\n<p>Consultorio M\u00e9dico Torrenueva: 958 655 384<\/p>\n<p>Consultorio M\u00e9dico Carchuna: 958 623 039<\/p>\n<p>Consultorio M\u00e9dico Calahonda: 958 623 023<\/p>\n<p>Hospital Regional de Santa Ana: 958 038 200\n<\/p><\/div>\n<\/div>\n<\/div>\n<\/div>\n<\/div>\n<\/section>\n<section class=\"elementor-section elementor-top-section elementor-element elementor-element-9ea4b2d elementor-section-boxed elementor-section-height-default elementor-section-height-default rt-parallax-bg-no\" data-id=\"9ea4b2d\" data-element_type=\"section\">\n<div class=\"elementor-container elementor-column-gap-default\">\n<div class=\"elementor-column elementor-col-100 elementor-top-column elementor-element elementor-element-d9cbc3a\" data-id=\"d9cbc3a\" data-element_type=\"column\">\n<div class=\"elementor-widget-wrap elementor-element-populated\">\n<div class=\"elementor-element elementor-element-26c036c elementor-widget elementor-widget-heading\" data-id=\"26c036c\" data-element_type=\"widget\" data-widget_type=\"heading.default\">\n<div class=\"elementor-widget-container\">\n<h2 class=\"elementor-heading-title elementor-size-default\">Granada<\/h2>\n<\/div>\n<\/div>\n<\/div>\n<\/div>\n<\/div>\n<\/section>\n<section class=\"elementor-section elementor-top-section elementor-element elementor-element-d3a5a23 elementor-section-boxed elementor-section-height-default elementor-section-height-default rt-parallax-bg-no\" data-id=\"d3a5a23\" data-element_type=\"section\">\n<div class=\"elementor-container elementor-column-gap-default\">\n<div class=\"elementor-column elementor-col-100 elementor-top-column elementor-element elementor-element-6461550\" data-id=\"6461550\" data-element_type=\"column\">\n<div class=\"elementor-widget-wrap elementor-element-populated\">\n<div class=\"elementor-element elementor-element-f041808 elementor-widget elementor-widget-text-editor\" data-id=\"f041808\" data-element_type=\"widget\" data-widget_type=\"text-editor.default\">\n<div class=\"elementor-widget-container\">\n<strong>TEL\u00c9FONOS DE INTER\u00c9S DE GRANADA<\/strong><br \/>Oficina de turismo de Granada: 958 544 002<br \/>Servicio de taxi: 958 245 223<br \/>Radio Taxi: 958 280 654<br \/>Servicio de autob\u00fas: 958 245 223<br \/>Estaci\u00f3n de autobuses: 958 271 272<br \/>Polic\u00eda local: 958 245 282<br \/>Guardia civil: 958 15 36 00<br \/>Ayuntamiento Granada: 958 24 81 00 \/ 958 24 81 26<br \/>Empresa local de autobuses (Rober): 958 25 13 58<br \/>Sierra Nevada Informaci\u00f3n de esqu\u00ed: 958 24 91 00<br \/>Cruz roja: 958 22 22 22\n<\/div>\n<\/div>\n<\/div>\n<\/div>\n<\/div>\n<\/section>\n<section class=\"elementor-section elementor-top-section elementor-element elementor-element-24e1478 elementor-section-boxed elementor-section-height-default elementor-section-height-default rt-parallax-bg-no\" data-id=\"24e1478\" data-element_type=\"section\">\n<div class=\"elementor-container elementor-column-gap-default\">\n<div class=\"elementor-column elementor-col-100 elementor-top-column elementor-element elementor-element-08efb13\" data-id=\"08efb13\" data-element_type=\"column\">\n<div class=\"elementor-widget-wrap elementor-element-populated\">\n<div class=\"elementor-element elementor-element-c9c939c elementor-widget elementor-widget-heading\" data-id=\"c9c939c\" data-element_type=\"widget\" data-widget_type=\"heading.default\">\n<div class=\"elementor-widget-container\">\n<h2 class=\"elementor-heading-title elementor-size-default\">Salobre\u00f1a<\/h2>\n<\/div>\n<\/div>\n<\/div>\n<\/div>\n<\/div>\n<\/section>\n<section class=\"elementor-section elementor-top-section elementor-element elementor-element-3b5bc9c elementor-section-boxed elementor-section-height-default elementor-section-height-default rt-parallax-bg-no\" data-id=\"3b5bc9c\" data-element_type=\"section\">\n<div class=\"elementor-container elementor-column-gap-default\">\n<div class=\"elementor-column elementor-col-100 elementor-top-column elementor-element elementor-element-2f78ccf\" data-id=\"2f78ccf\" data-element_type=\"column\">\n<div class=\"elementor-widget-wrap elementor-element-populated\">\n<div class=\"elementor-element elementor-element-16c30c0 elementor-widget elementor-widget-text-editor\" data-id=\"16c30c0\" data-element_type=\"widget\" data-widget_type=\"text-editor.default\">\n<div class=\"elementor-widget-container\">\n<strong>SALOBRE\u00d1A TEL\u00c9FONOS DE INTER\u00c9S<\/strong><\/p>\n<p>Ayuntamiento 958 610 011<br \/>Centro de Salud de Salobre\u00f1a 600 140 543 \/ 902 505 060 \/ 902 505 061 (urgencias)<br \/>Consultorio M\u00e9dico &#8211; La Caleta 600 141 737<br \/>Consultorio M\u00e9dico &#8211; Lobres 600 141 750<br \/>Guardia Civil 958 610 423 900 101 062<br \/>Polic\u00eda Local 958 611 059<br \/>Protecci\u00f3n Civil 958 828 774<br \/>Bomberos 958 601 920<br \/>Servicios Sociales 958 612 800<\/p>\n<p>Oficina de Turismo 958 610 314<\/p>\n<p>Biblioteca Municipal 958 611 129<br \/>Casa de Cultura de Salobre\u00f1a 958 610 630<br \/>Casa de Cultura de La Caleta 958 610 873<br \/>Casa de Cultura de Lobres 958 831 608<\/p>\n<p>Instalaciones deportivas<br \/>Pabell\u00f3n de Deportes 958 611 682<br \/>Piscina 958 611 991<\/p>\n<p>Taxis 958 611 531<br \/>Aguas y Servicios de la Costa Tropical 958 610 540<br \/>Repsol Butano 958 600 141<br \/>Endesa Electricidad 958 600 648<\/p>\n<p>Oficina de correos local 958 610 777<br \/>Juzgado de Paz 958 610 016<br \/>Notario 958 611 344<br \/>Radio Salobre\u00f1a 958 828 649\n<\/div>\n<\/div>\n<\/div>\n<\/div>\n<\/div>\n<\/section>\n<section class=\"elementor-section elementor-top-section elementor-element elementor-element-946c60a elementor-section-boxed elementor-section-height-default elementor-section-height-default rt-parallax-bg-no\" data-id=\"946c60a\" data-element_type=\"section\">\n<div class=\"elementor-container elementor-column-gap-default\">\n<div class=\"elementor-column elementor-col-100 elementor-top-column elementor-element elementor-element-4e9249b\" data-id=\"4e9249b\" data-element_type=\"column\">\n<div class=\"elementor-widget-wrap elementor-element-populated\">\n<div class=\"elementor-element elementor-element-edc1e06 elementor-widget elementor-widget-heading\" data-id=\"edc1e06\" data-element_type=\"widget\" data-widget_type=\"heading.default\">\n<div class=\"elementor-widget-container\">\n<h2 class=\"elementor-heading-title elementor-size-default\">Almu\u00f1\u00e9car<\/h2>\n<\/div>\n<\/div>\n<\/div>\n<\/div>\n<\/div>\n<\/section>\n<section class=\"elementor-section elementor-top-section elementor-element elementor-element-a57eb2c elementor-section-boxed elementor-section-height-default elementor-section-height-default rt-parallax-bg-no\" data-id=\"a57eb2c\" data-element_type=\"section\">\n<div class=\"elementor-container elementor-column-gap-default\">\n<div class=\"elementor-column elementor-col-100 elementor-top-column elementor-element elementor-element-d973af6\" data-id=\"d973af6\" data-element_type=\"column\">\n<div class=\"elementor-widget-wrap elementor-element-populated\">\n<div class=\"elementor-element elementor-element-ff4d650 elementor-widget elementor-widget-text-editor\" data-id=\"ff4d650\" data-element_type=\"widget\" data-widget_type=\"text-editor.default\">\n<div class=\"elementor-widget-container\">\n<strong>TEL\u00c9FONOS DE INTER\u00c9S DE ALMU\u00d1\u00c9CAR<\/strong><br \/>Ayuntamiento de Almu\u00f1\u00e9car: 958.83.86.00, Plaza de la Constituci\u00f3n 1, info@almunecar.es<br \/>Polic\u00eda Local: 958.63.94.30, Avd. Fenicia Plaza del agua<br \/>Guardia Civil Almu\u00f1\u00e9car: 958639420<br \/>Servicios sanitarios de urgencia: 902505061<br \/>Bomberos: 958.63.21.21, C\/ Puerto de la Cruz s\/n<br \/>Biblioteca Municipal: 958882355, Casa de la Cultura, C\/Puerta de Granada, biblioteca@almunecar.es<br \/>Casa de la Cultura: 958838623, Puerta de Granada s\/n, culturalmunecar@almunecar.es<br \/>Centro C\u00edvico La Herradura: 958640642, ttealcaldialaherradura@almunecar.es<br \/>Estaci\u00f3n de autobuses: 902422242, Avd. Juan Carlos I, www.alsa.es<br \/>Oficina de Correos: 958630459, C\/ Puerto de la Cruz<br \/>Oficina Municipal de La Herradura: 958640425, Centro C\u00edvico, ttealcaldialaherradura@almunecar.es<br \/>Oficina de Turismo de Almu\u00f1\u00e9car: 958631125, Avd. Europa Plaza Kuwait, turismo@almunecar.es<br \/>OMIC Almu\u00f1\u00e9car: 958838614, Casa de la Juventud<br \/>Aparcamiento Zona Azul (ORA): 958632908, C\/ Almer\u00eda 2<br \/>Parada de taxis: 958630017, Avd. Juan Carlos I<br \/>Patronato de Deportes: 958883142, C\/Puerto de la Cruz. Estadio Municipal de Deportes, pmd@almunecar.es<br \/>Piscina cubierta: 958635926, C\/ Amelia S\u00e1nchez Alc\u00e1zar, pmd@almunecar.es<br \/>Puerto Deportivo Marina del Este: 958640801, Urb. Punta de la Mona, marinaeste@marinasmediterraneo.com<br \/>Transporte urbano: 902106286, Avd. Estaci\u00f3n de Autobuses Juan Carlos I, autocaresfajardo@hotmail.com\n<\/div>\n<\/div>\n<\/div>\n<\/div>\n<\/div>\n<\/section>\n<\/div><\/div><div class=\"td_block_wrap td_block_text_with_title tdi_9 td-pb-border-top td_block_template_1\"  data-td-block-uid=\"tdi_9\" >\n<style>\n\/* custom css - generated by TagDiv Composer *\/\n.tdi_9 .block-title a,\r\n\t\t\t\t.tdi_9 .block-title span{\r\n\t\t\t\t\tfont-family:Trebuchet, Tahoma, Arial, sans-serif !important;\r\n\t\t\t\t}\n<\/style><h4 class=\"block-title\"><span class=\"td-pulldown-size\">Things to see &amp; do<\/span><\/h4><div class=\"td_mod_wrap td-pb-padding-side td-fix-index\"><p><span style=\"font-family: Open Sans, arial, sans-serif;\"><span style=\"font-size: 27px; letter-spacing: -0.54px;\">XXXXXXXXXX Cosas que ver y hacer Loren ipsum<\/span><\/span><\/p>\n<\/div><\/div><div class=\"td_block_wrap td_block_text_with_title tdi_10 td-pb-border-top td_block_template_1\"  data-td-block-uid=\"tdi_10\" >\n<style>\n\/* custom css - generated by TagDiv Composer *\/\n.tdi_10 .block-title a,\r\n\t\t\t\t.tdi_10 .block-title span{\r\n\t\t\t\t\tfont-family:Trebuchet, Tahoma, Arial, sans-serif !important;\r\n\t\t\t\t}\n<\/style><h4 class=\"block-title\"><span class=\"td-pulldown-size\">Things to see &amp; do<\/span><\/h4><div class=\"td_mod_wrap td-pb-padding-side td-fix-index\"><p><span style=\"font-family: Open Sans, arial, sans-serif;\"><span style=\"font-size: 27px; letter-spacing: -0.54px;\">Lugares XXXXXXXXXX Loren ipsum<\/span><\/span><\/p>\n<\/div><\/div><div class=\"td_block_wrap td_block_text_with_title tdi_11 td-pb-border-top td_block_template_1\"  data-td-block-uid=\"tdi_11\" >\n<style>\n\/* custom css - generated by TagDiv Composer *\/\n.tdi_11 .block-title a,\r\n\t\t\t\t.tdi_11 .block-title span{\r\n\t\t\t\t\tfont-family:Trebuchet, Tahoma, Arial, sans-serif !important;\r\n\t\t\t\t}\n<\/style><h4 class=\"block-title\"><span class=\"td-pulldown-size\">Things to see &amp; do<\/span><\/h4><div class=\"td_mod_wrap td-pb-padding-side td-fix-index\"><h1 class=\"heading-title\">Deportes y actividades de aventura en la Costa Tropical<\/h1>\n<p><span style=\"font-family: Open Sans, arial, sans-serif;\"><span style=\"font-size: 27px; letter-spacing: -0.54px;\">XXXXXXXXXX Loren ipsum<\/span><\/span><\/p>\n<\/div><\/div><div class=\"td_block_wrap td_block_text_with_title tdi_12 td-pb-border-top td_block_template_1\"  data-td-block-uid=\"tdi_12\" ><div class=\"td_mod_wrap td-pb-padding-side td-fix-index\"><h3><a href=\"https:\/\/costatropical.com\/adventure-sports-activities\/\" rel=\"nofollow noopener\" target=\"_blank\">Deportes y actividades de aventura en la Costa Tropical<\/a><\/h3>\n<section class=\"elementor-section elementor-top-section elementor-element elementor-element-51e8fa1 elementor-section-boxed elementor-section-height-default elementor-section-height-default rt-parallax-bg-no\" data-id=\"51e8fa1\" data-element_type=\"section\">\n<div class=\"elementor-container elementor-column-gap-default\">\n<div class=\"elementor-column elementor-col-100 elementor-top-column elementor-element elementor-element-7bd0042\" data-id=\"7bd0042\" data-element_type=\"column\">\n<div class=\"elementor-widget-wrap elementor-element-populated\">\n<div class=\"elementor-element elementor-element-d5a8aeb elementor-widget elementor-widget-text-editor\" data-id=\"d5a8aeb\" data-element_type=\"widget\" data-widget_type=\"text-editor.default\">\n<div class=\"elementor-widget-container\">\n<strong>Si se siente m\u00e1s aventurero, quiz\u00e1 le interese&#8230;<\/strong>\n<\/div>\n<\/div>\n<\/div>\n<\/div>\n<\/div>\n<\/section>\n<section class=\"elementor-section elementor-top-section elementor-element elementor-element-6d60c16 elementor-section-boxed elementor-section-height-default elementor-section-height-default rt-parallax-bg-no\" data-id=\"6d60c16\" data-element_type=\"section\">\n<div class=\"elementor-container elementor-column-gap-default\">\n<div class=\"elementor-column elementor-col-50 elementor-top-column elementor-element elementor-element-ff7b0ca\" data-id=\"ff7b0ca\" data-element_type=\"column\">\n<div class=\"elementor-widget-wrap elementor-element-populated\">\n<div class=\"elementor-element elementor-element-88349b2 elementor-widget elementor-widget-text-editor\" data-id=\"88349b2\" data-element_type=\"widget\" data-widget_type=\"text-editor.default\">\n<div class=\"elementor-widget-container\">\n<ul>\n<li>Esqu\u00ed acu\u00e1tico<a href=\"https:\/\/costatropical.com\/adventure-sports-activities\/\" rel=\"nofollow noopener\" target=\"_blank\"><img loading=\"lazy\" decoding=\"async\" class=\"attachment-large wp-image-10329 alignright\" title=\"Qu\u00e9 ver y hacer 17\" src=\"https:\/\/costatropical.com\/wp-content\/uploads\/2023\/10\/canyoning_leap.jpg\" sizes=\"auto, (max-width: 603px) 100vw, 603px\" srcset=\"https:\/\/costatropical.com\/wp-content\/uploads\/2023\/10\/canyoning_leap.jpg 603w, https:\/\/costatropical.com\/wp-content\/uploads\/2023\/10\/canyoning_leap-350x310.jpg 350w, https:\/\/costatropical.com\/wp-content\/uploads\/2023\/10\/canyoning_leap-14x12.jpg 14w\" alt=\"Deportes de aventura de barranquismo en la Costa Tropical de Granada\" width=\"336\" height=\"298\"><\/a><\/li>\n<li>Kayak<\/li>\n<li>Barranquismo<\/li>\n<li>Snowboard y esqu\u00ed<\/li>\n<li>Escalada en roca<\/li>\n<li>Buceo<\/li>\n<li>Paddlesurf<\/li>\n<li>Ala delta<\/li>\n<li>Motos acu\u00e1ticas, etc.<\/li>\n<\/ul>\n<\/div>\n<\/div>\n<div class=\"elementor-element elementor-element-901d9e5 elementor-align-center elementor-align-center elementor-widget elementor-widget-rt-button\" data-id=\"901d9e5\" data-element_type=\"widget\" data-widget_type=\"rt-button.default\">\n<div class=\"elementor-widget-container\">\n<div class=\"btn-wrap btn-v2\"><a class=\"item-btn\" href=\"https:\/\/costatropical.com\/adventure-sports-activities\/\" rel=\"nofollow noopener\" target=\"_blank\"><span class=\"btn__text\">PULSE AQU\u00cd<\/span><\/a><\/div>\n<\/div>\n<\/div>\n<\/div>\n<\/div>\n<div class=\"elementor-column elementor-col-50 elementor-top-column elementor-element elementor-element-558f969\" data-id=\"558f969\" data-element_type=\"column\">\n<div class=\"elementor-widget-wrap elementor-element-populated\">\n<div class=\"elementor-element elementor-element-da7d082 elementor-widget elementor-widget-image\" data-id=\"da7d082\" data-element_type=\"widget\" data-widget_type=\"image.default\">\n<div class=\"elementor-widget-container\"> <\/div>\n<\/div>\n<\/div>\n<\/div>\n<\/div>\n<\/section>\n<\/div><\/div><\/div><\/div><\/div><\/div><\/div><\/div>","protected":false},"excerpt":{"rendered":"","protected":false},"author":1,"featured_media":0,"parent":0,"menu_order":0,"comment_status":"closed","ping_status":"closed","template":"","meta":{"footnotes":""},"class_list":["post-489","page","type-page","status-publish","hentry"],"_links":{"self":[{"href":"https:\/\/costatropical.tv\/es\/wp-json\/wp\/v2\/pages\/489","targetHints":{"allow":["GET"]}}],"collection":[{"href":"https:\/\/costatropical.tv\/es\/wp-json\/wp\/v2\/pages"}],"about":[{"href":"https:\/\/costatropical.tv\/es\/wp-json\/wp\/v2\/types\/page"}],"author":[{"embeddable":true,"href":"https:\/\/costatropical.tv\/es\/wp-json\/wp\/v2\/users\/1"}],"replies":[{"embeddable":true,"href":"https:\/\/costatropical.tv\/es\/wp-json\/wp\/v2\/comments?post=489"}],"version-history":[{"count":2,"href":"https:\/\/costatropical.tv\/es\/wp-json\/wp\/v2\/pages\/489\/revisions"}],"predecessor-version":[{"id":538,"href":"https:\/\/costatropical.tv\/es\/wp-json\/wp\/v2\/pages\/489\/revisions\/538"}],"wp:attachment":[{"href":"https:\/\/costatropical.tv\/es\/wp-json\/wp\/v2\/media?parent=489"}],"curies":[{"name":"wp","href":"https:\/\/api.w.org\/{rel}","templated":true}]}}