{"id":964,"date":"2024-03-21T12:05:27","date_gmt":"2024-03-21T12:05:27","guid":{"rendered":"https:\/\/costatropical.tv\/publicidad\/"},"modified":"2024-03-21T12:05:27","modified_gmt":"2024-03-21T12:05:27","slug":"publicidad","status":"publish","type":"page","link":"https:\/\/costatropical.tv\/es\/publicidad\/","title":{"rendered":"Publicidad"},"content":{"rendered":"<div id=\"tdi_1\" class=\"tdc-zone\"><div class=\"tdc_zone tdi_2 \"  >\n<style scoped>\n\/* custom css - generated by TagDiv Composer *\/\n\n\/* custom css - generated by TagDiv Composer *\/\n.tdi_2{\r\n                    min-height: 0;\r\n                }\n<\/style><div id=\"tdi_3\" class=\"tdc-row\"><div class=\"vc_row tdi_4  wpb_row td-pb-row\" >\n<style scoped>\n\/* custom css - generated by TagDiv Composer *\/\n\n\/* custom css - generated by TagDiv Composer *\/\n.tdi_4,\r\n                .tdi_4 .tdc-columns{\r\n                    min-height: 0;\r\n                }\n<\/style><div class=\"vc_column tdi_6  wpb_column vc_column_container tdc-column td-pb-span12\">\n<style scoped>\n\/* custom css - generated by TagDiv Composer *\/\n\n\/* custom css - generated by TagDiv Composer *\/\n.tdi_6{\r\n                    vertical-align: baseline;\r\n                }\n<\/style><div class=\"wpb_wrapper\" ><div class=\"td_block_wrap td_block_text_with_title tdi_7 td-pb-border-top td_block_template_1\"  data-td-block-uid=\"tdi_7\" ><div class=\"td_mod_wrap td-pb-padding-side td-fix-index\"><p><strong>An\u00fanciate en Costa Tropical TV<\/strong><\/p>\n<p>\u00bfQuiere llegar a un p\u00fablico m\u00e1s amplio y aumentar la visibilidad de su marca? No busque m\u00e1s, Costa Tropical TV es su principal canal digital de noticias y eventos en directo de la Costa Tropical.<\/p>\n<p><strong>\u00bfPor qu\u00e9 anunciarse con nosotros?<\/strong><\/p>\n<p><strong>Amplio alcance:<\/strong> Con nuestra plataforma digital, su negocio llegar\u00e1 a un p\u00fablico diverso tanto a nivel local como global, dando a su marca una exposici\u00f3n sin precedentes.<\/p>\n<p><strong>P\u00fablico objetivo:<\/strong> Tanto si promociona eventos locales, empresas o servicios, nuestra plataforma le permite dirigirse al p\u00fablico deseado de forma eficaz, garantizando que su mensaje resuene en las personas adecuadas.<\/p>\n<p><strong>Alto compromiso:<\/strong> Costa Tropical TV atrae a los espectadores con contenidos cautivadores, garantizando que sus anuncios sean vistos por un p\u00fablico atento y deseoso de descubrir lo que la regi\u00f3n tiene que ofrecer.<\/p>\n<p><strong>Opciones publicitarias vers\u00e1tiles:<\/strong> Desde anuncios en v\u00eddeo hasta banners y contenido patrocinado, ofrecemos una gran variedad de opciones publicitarias adaptadas a sus objetivos de marketing y presupuesto espec\u00edficos.<\/p>\n<p><strong>Qui\u00e9nes somos:<\/strong><\/p>\n<p>Costa Tropical TV es el canal digital l\u00edder dedicado a mostrar la belleza, la cultura y los eventos de la regi\u00f3n de la Costa Tropical. Desde la cobertura en directo de festivales y conciertos hasta noticias de \u00faltima hora y actualizaciones de la comunidad, ofrecemos una cobertura completa de todo lo que la regi\u00f3n puede ofrecer.<\/p>\n<p><strong>P\u00f3ngase en contacto con nosotros hoy mismo:<\/strong><\/p>\n<p>No pierda la oportunidad de elevar su marca con Costa Tropical TV. P\u00f3ngase en contacto con nuestro equipo de publicidad hoy mismo para hablar de c\u00f3mo podemos ayudarle a alcanzar sus objetivos de marketing. Ponte en contacto con nosotros por correo electr\u00f3nico en <a target=\"_new\" rel=\"noopener\">info@costatropical.com.<\/a><\/p>\n<p>\u00danase a nosotros para mostrar lo mejor de la Costa Tropical: \u00a1an\u00fanciese hoy mismo con Costa Tropical TV!<\/p>\n<\/div><\/div><\/div><\/div><\/div><\/div><\/div><\/div>","protected":false},"excerpt":{"rendered":"","protected":false},"author":1,"featured_media":620,"parent":0,"menu_order":0,"comment_status":"closed","ping_status":"closed","template":"","meta":{"footnotes":""},"class_list":["post-964","page","type-page","status-publish","has-post-thumbnail","hentry"],"_links":{"self":[{"href":"https:\/\/costatropical.tv\/es\/wp-json\/wp\/v2\/pages\/964","targetHints":{"allow":["GET"]}}],"collection":[{"href":"https:\/\/costatropical.tv\/es\/wp-json\/wp\/v2\/pages"}],"about":[{"href":"https:\/\/costatropical.tv\/es\/wp-json\/wp\/v2\/types\/page"}],"author":[{"embeddable":true,"href":"https:\/\/costatropical.tv\/es\/wp-json\/wp\/v2\/users\/1"}],"replies":[{"embeddable":true,"href":"https:\/\/costatropical.tv\/es\/wp-json\/wp\/v2\/comments?post=964"}],"version-history":[{"count":0,"href":"https:\/\/costatropical.tv\/es\/wp-json\/wp\/v2\/pages\/964\/revisions"}],"wp:featuredmedia":[{"embeddable":true,"href":"https:\/\/costatropical.tv\/es\/wp-json\/wp\/v2\/media\/620"}],"wp:attachment":[{"href":"https:\/\/costatropical.tv\/es\/wp-json\/wp\/v2\/media?parent=964"}],"curies":[{"name":"wp","href":"https:\/\/api.w.org\/{rel}","templated":true}]}}