{"id":970,"date":"2024-03-21T12:09:22","date_gmt":"2024-03-21T12:09:22","guid":{"rendered":"https:\/\/costatropical.tv\/quienes-somos\/"},"modified":"2024-03-21T13:35:41","modified_gmt":"2024-03-21T13:35:41","slug":"quienes-somos","status":"publish","type":"page","link":"https:\/\/costatropical.tv\/es\/quienes-somos\/","title":{"rendered":"Qui\u00e9nes somos"},"content":{"rendered":"<div id=\"tdi_1\" class=\"tdc-zone\"><div class=\"tdc_zone tdi_2 \"  >\n<style scoped>\n\/* custom css - generated by TagDiv Composer *\/\n\n\/* custom css - generated by TagDiv Composer *\/\n.tdi_2{\r\n                    min-height: 0;\r\n                }\n<\/style><div id=\"tdi_3\" class=\"tdc-row\"><div class=\"vc_row tdi_4  wpb_row td-pb-row\" >\n<style scoped>\n\/* custom css - generated by TagDiv Composer *\/\n\n\/* custom css - generated by TagDiv Composer *\/\n.tdi_4,\r\n                .tdi_4 .tdc-columns{\r\n                    min-height: 0;\r\n                }\n<\/style><div class=\"vc_column tdi_6  wpb_column vc_column_container tdc-column td-pb-span12\">\n<style scoped>\n\/* custom css - generated by TagDiv Composer *\/\n\n\/* custom css - generated by TagDiv Composer *\/\n.tdi_6{\r\n                    vertical-align: baseline;\r\n                }\n<\/style><div class=\"wpb_wrapper\" ><div class=\"td_block_wrap td_block_text_with_title tdi_7 td-pb-border-top td_block_template_1\"  data-td-block-uid=\"tdi_7\" ><div class=\"td_mod_wrap td-pb-padding-side td-fix-index\"><p><strong>Acerca de Costa Tropical TV<\/strong><\/p>\n<p>\u00a1Bienvenido a Costa Tropical TV, tu principal canal digital para transmitir noticias y eventos en vivo desde la impresionante Costa Tropical de Granada! Como parte de una distinguida red de sitios web, que incluye <a href=\"https:\/\/costatropical.com\/\" rel=\"nofollow noopener\" target=\"_blank\">CostaTropical.com<\/a>, <a href=\"https:\/\/www.granadaproperties.com\/\" rel=\"nofollow noopener\" target=\"_blank\">GranadaProperties.com<\/a> y <a href=\"https:\/\/costagranada.es\/\" rel=\"nofollow noopener\" target=\"_blank\">CostaGranada.es<\/a>, nos enorgullecemos de llevar las \u00faltimas noticias locales y entretenimiento directamente a ti.<\/p>\n<p>En Costa Tropical TV, estamos comprometidos a mantenerte informado y entretenido con contenido atractivo que muestra la belleza y vitalidad de la regi\u00f3n de la Costa Tropical. Ya seas residente o visitante, nuestra plataforma ofrece una visi\u00f3n \u00fanica de la diversa cultura, eventos y atracciones que definen esta impresionante \u00e1rea costera.<\/p>\n<p>Desde actualizaciones de noticias de \u00faltima hora hasta cobertura en vivo de festivales culturales, conciertos y eventos deportivos, nos esforzamos por capturar la esencia de la vida en la Costa Tropical. Nuestro equipo dedicado trabaja incansablemente para ofrecerte contenido de transmisi\u00f3n de alta calidad que refleje el esp\u00edritu din\u00e1mico de nuestra comunidad.<\/p>\n<p>\u00danete a nosotros mientras exploramos juntos la riqueza de la Costa Tropical de Granada. Mantente conectado con Costa Tropical TV para todas las noticias, eventos y entretenimiento que son importantes para ti.<\/p>\n<\/div><\/div><\/div><\/div><\/div><\/div><\/div><\/div>","protected":false},"excerpt":{"rendered":"","protected":false},"author":1,"featured_media":620,"parent":0,"menu_order":0,"comment_status":"closed","ping_status":"closed","template":"","meta":{"footnotes":""},"class_list":["post-970","page","type-page","status-publish","has-post-thumbnail","hentry"],"_links":{"self":[{"href":"https:\/\/costatropical.tv\/es\/wp-json\/wp\/v2\/pages\/970","targetHints":{"allow":["GET"]}}],"collection":[{"href":"https:\/\/costatropical.tv\/es\/wp-json\/wp\/v2\/pages"}],"about":[{"href":"https:\/\/costatropical.tv\/es\/wp-json\/wp\/v2\/types\/page"}],"author":[{"embeddable":true,"href":"https:\/\/costatropical.tv\/es\/wp-json\/wp\/v2\/users\/1"}],"replies":[{"embeddable":true,"href":"https:\/\/costatropical.tv\/es\/wp-json\/wp\/v2\/comments?post=970"}],"version-history":[{"count":1,"href":"https:\/\/costatropical.tv\/es\/wp-json\/wp\/v2\/pages\/970\/revisions"}],"predecessor-version":[{"id":974,"href":"https:\/\/costatropical.tv\/es\/wp-json\/wp\/v2\/pages\/970\/revisions\/974"}],"wp:featuredmedia":[{"embeddable":true,"href":"https:\/\/costatropical.tv\/es\/wp-json\/wp\/v2\/media\/620"}],"wp:attachment":[{"href":"https:\/\/costatropical.tv\/es\/wp-json\/wp\/v2\/media?parent=970"}],"curies":[{"name":"wp","href":"https:\/\/api.w.org\/{rel}","templated":true}]}}